{"id":234,"date":"2022-04-01T18:23:05","date_gmt":"2022-04-01T16:23:05","guid":{"rendered":"https:\/\/nasiutecenci.sk\/rifugio\/?page_id=234"},"modified":"2025-11-10T13:08:49","modified_gmt":"2025-11-10T12:08:49","slug":"kontakt_pre_poradenstvo","status":"publish","type":"page","link":"https:\/\/nasiutecenci.sk\/rifugio\/kontakt_pre_poradenstvo\/","title":{"rendered":"Kontakt pre poradenstvo"},"content":{"rendered":"\n<p>Kontaktujte n\u00e1s, budeme sa sna\u017ei\u0165 v\u00e1m \u010do najlep\u0161ie poradi\u0165 vo va\u0161ej \u017eivotnej situ\u00e1cii. <\/p>\n\n\n\n<p>Mozete nam zavolat: &nbsp;<\/p>\n\n\n\n<p>TEL: <a href=\"tel:0250200500\">02\/50 20 05 00<\/a> alebo nap\u00edsa\u0165<\/p>\n\n\n\n<p>EMAIL: rifugio@shr.sk<\/p>\n\n\n\n<p class=\"has-vivid-cyan-blue-color has-text-color has-link-color wp-elements-0d631e7506c9fe914ee39013f2dc69e0\"><strong>Kancel\u00e1ria Bratislava: <\/strong><\/p>\n\n\n\n<p>Tatjana Tomi\u0107, Region\u00e1lna koordin\u00e1torka<\/p>\n\n\n\n<p>tomic@shr.sk, tel:\u00a0 +421\u00a0907\u00a0593 719<\/p>\n\n\n\n<p class=\"has-vivid-cyan-blue-color has-text-color has-link-color wp-elements-262fe9e32f13aa7985d7ea79429852a3\"><strong>Kancel\u00e1ria Ko\u0161ice: <\/strong><\/p>\n\n\n\n<p>Mariia Kovalchuk, Region\u00e1lna koordin\u00e1torka<\/p>\n\n\n\n<p>kovalchuk.m@shr.sk, tel: +421\u00a0918\u00a0668 813<\/p>\n\n\n\n<p><\/p>\n\n\n\n<div class=\"wp-block-contact-form-7-contact-form-selector\">\n<div class=\"wpcf7 no-js\" id=\"wpcf7-f212-o1\" lang=\"sk-SK\" dir=\"ltr\">\n<div class=\"screen-reader-response\"><p role=\"status\" aria-live=\"polite\" aria-atomic=\"true\"><\/p> <ul><\/ul><\/div>\n<form action=\"\/rifugio\/wp-json\/wp\/v2\/pages\/234#wpcf7-f212-o1\" method=\"post\" class=\"wpcf7-form init\" aria-label=\"Kontaktn\u00fd formul\u00e1r\" novalidate=\"novalidate\" data-status=\"init\">\n<div style=\"display: none;\">\n<input type=\"hidden\" name=\"_wpcf7\" value=\"212\" \/>\n<input type=\"hidden\" name=\"_wpcf7_version\" value=\"5.9.3\" \/>\n<input type=\"hidden\" name=\"_wpcf7_locale\" value=\"sk_SK\" \/>\n<input type=\"hidden\" name=\"_wpcf7_unit_tag\" value=\"wpcf7-f212-o1\" \/>\n<input type=\"hidden\" name=\"_wpcf7_container_post\" value=\"0\" \/>\n<input type=\"hidden\" name=\"_wpcf7_posted_data_hash\" value=\"\" \/>\n<\/div>\n<p><label> Va\u0161e meno<br \/>\n<span class=\"wpcf7-form-control-wrap\" data-name=\"your-name\"><input size=\"40\" class=\"wpcf7-form-control wpcf7-text wpcf7-validates-as-required\" aria-required=\"true\" aria-invalid=\"false\" value=\"\" type=\"text\" name=\"your-name\" \/><\/span> <\/label>\n<\/p>\n<p><label> V\u00e1\u0161 email<br \/>\n<span class=\"wpcf7-form-control-wrap\" data-name=\"your-email\"><input size=\"40\" class=\"wpcf7-form-control wpcf7-email wpcf7-validates-as-required wpcf7-text wpcf7-validates-as-email\" aria-required=\"true\" aria-invalid=\"false\" value=\"\" type=\"email\" name=\"your-email\" \/><\/span> <\/label>\n<\/p>\n<p><label> Predmet<br \/>\n<span class=\"wpcf7-form-control-wrap\" data-name=\"your-subject\"><input size=\"40\" class=\"wpcf7-form-control wpcf7-text wpcf7-validates-as-required\" aria-required=\"true\" aria-invalid=\"false\" value=\"\" type=\"text\" name=\"your-subject\" \/><\/span> <\/label>\n<\/p>\n<p><label> Va\u0161a spr\u00e1va (volite\u013en\u00e9)<br \/>\n<span class=\"wpcf7-form-control-wrap\" data-name=\"your-message\"><textarea cols=\"40\" rows=\"10\" class=\"wpcf7-form-control wpcf7-textarea\" aria-invalid=\"false\" name=\"your-message\"><\/textarea><\/span> <\/label>\n<\/p>\n<p><input class=\"wpcf7-form-control wpcf7-submit has-spinner\" type=\"submit\" value=\"Odosla\u0165\" \/>\n<\/p><div class=\"wpcf7-response-output\" aria-hidden=\"true\"><\/div>\n<\/form>\n<\/div>\n<\/div>\n","protected":false},"excerpt":{"rendered":"<p>Kontaktujte n\u00e1s, budeme sa sna\u017ei\u0165 v\u00e1m \u010do najlep\u0161ie poradi\u0165 vo va\u0161ej \u017eivotnej situ\u00e1cii. Mozete nam zavolat: &nbsp; TEL: 02\/50 20 05 00 alebo nap\u00edsa\u0165 EMAIL: rifugio@shr.sk Kancel\u00e1ria Bratislava: Tatjana Tomi\u0107, Region\u00e1lna koordin\u00e1torka tomic@shr.sk, tel:\u00a0 +421\u00a0907\u00a0593 719 Kancel\u00e1ria Ko\u0161ice: Mariia Kovalchuk, Region\u00e1lna koordin\u00e1torka kovalchuk.m@shr.sk, tel: +421\u00a0918\u00a0668 813<\/p>\n","protected":false},"author":1,"featured_media":438,"parent":0,"menu_order":0,"comment_status":"closed","ping_status":"closed","template":"","meta":{"footnotes":""},"class_list":["post-234","page","type-page","status-publish","has-post-thumbnail","hentry"],"_links":{"self":[{"href":"https:\/\/nasiutecenci.sk\/rifugio\/wp-json\/wp\/v2\/pages\/234","targetHints":{"allow":["GET"]}}],"collection":[{"href":"https:\/\/nasiutecenci.sk\/rifugio\/wp-json\/wp\/v2\/pages"}],"about":[{"href":"https:\/\/nasiutecenci.sk\/rifugio\/wp-json\/wp\/v2\/types\/page"}],"author":[{"embeddable":true,"href":"https:\/\/nasiutecenci.sk\/rifugio\/wp-json\/wp\/v2\/users\/1"}],"replies":[{"embeddable":true,"href":"https:\/\/nasiutecenci.sk\/rifugio\/wp-json\/wp\/v2\/comments?post=234"}],"version-history":[{"count":7,"href":"https:\/\/nasiutecenci.sk\/rifugio\/wp-json\/wp\/v2\/pages\/234\/revisions"}],"predecessor-version":[{"id":711,"href":"https:\/\/nasiutecenci.sk\/rifugio\/wp-json\/wp\/v2\/pages\/234\/revisions\/711"}],"wp:featuredmedia":[{"embeddable":true,"href":"https:\/\/nasiutecenci.sk\/rifugio\/wp-json\/wp\/v2\/media\/438"}],"wp:attachment":[{"href":"https:\/\/nasiutecenci.sk\/rifugio\/wp-json\/wp\/v2\/media?parent=234"}],"curies":[{"name":"wp","href":"https:\/\/api.w.org\/{rel}","templated":true}]}}