{"id":256,"date":"2022-04-01T19:03:15","date_gmt":"2022-04-01T17:03:15","guid":{"rendered":"https:\/\/nasiutecenci.sk\/rifugio\/?page_id=256"},"modified":"2024-04-20T18:48:28","modified_gmt":"2024-04-20T16:48:28","slug":"socialne_poradenstvo","status":"publish","type":"page","link":"https:\/\/nasiutecenci.sk\/rifugio\/socialne_poradenstvo\/","title":{"rendered":"Soci\u00e1lne poradenstvo"},"content":{"rendered":"\n<p class=\"has-small-font-size\">Na za\u010diatku poradenskej pr\u00e1ce je klient obozn\u00e1men\u00fd so \u0161trukt\u00farou pr\u00e1ce soci\u00e1lneho pracovn\u00edka, s&nbsp;jeho n\u00e1pl\u0148ou a&nbsp;povahou poradenstva. Soci\u00e1lny pracovn\u00edk a klient za vz\u00e1jomnej \u00fa\u010dasti spoluvytv\u00e1raj\u00fa individu\u00e1lny pl\u00e1n, kde bud\u00fa jasne nadefinovan\u00e9 a zaznamenan\u00e9 ciele poradenstva a&nbsp;spolupr\u00e1ce.<\/p>\n\n\n\n<p class=\"has-small-font-size\"><strong>Soci\u00e1lne poradenstvo je ur\u010den\u00e9 v\u0161etky osob\u00e1m \u017eij\u00facim na Slovensku, ktor\u00e9 maj\u00fa udelen\u00fa medzin\u00e1rodn\u00fa ochranu, alebo azyl, je bezplatn\u00e9 a&nbsp;trv\u00e1 v\u017edy maxim\u00e1lne 1 hodinu.<\/strong> S&nbsp;na\u0161imi pracovn\u00ed\u010dkami a&nbsp;pracovn\u00edkmi m\u00f4\u017eete rie\u0161i\u0165 v\u0161etky ot\u00e1zky, s&nbsp;ktor\u00fdmi sa v&nbsp;priebehu pobytu na Slovensku stretnete a&nbsp;s&nbsp;ktor\u00fdmi si neviete rady, naj\u010dastej\u0161ie sa jedn\u00e1 o&nbsp;pomoc s&nbsp;<\/p>\n\n\n\n<ul class=\"has-small-font-size wp-block-list\">\n<li>vybavovan\u00edm dokladov<\/li>\n\n\n\n<li>predl\u017eovan\u00edm doplnkovej ochrany <\/li>\n\n\n\n<li>komunik\u00e1ciu s r\u00f4znymi\u00a0in\u0161tit\u00faciami (ako s\u00fa \u00farady pr\u00e1ce, cudzineck\u00e1 pol\u00edcia, \u0161koly, zdravotn\u00e9 a\u00a0soci\u00e1lne pois\u0165ovni, banky aj)<\/li>\n\n\n\n<li>pomoc s\u00a0vypl\u0148ovan\u00edm r\u00f4znych formul\u00e1rov, <\/li>\n\n\n\n<li>s\u00a0h\u013eadan\u00edm nov\u00e9ho b\u00fdvan\u00ed, s\u00a0kontaktovan\u00edm lek\u00e1rov, h\u013eadan\u00edm vo\u013eno\u010dasov\u00fdch aktiv\u00edt a\u00a0zo v\u0161etk\u00fdm, s\u00a0\u010d\u00edm sa ka\u017ed\u00fd de\u0148 stret\u00e1vate. <\/li>\n<\/ul>\n\n\n\n<p class=\"has-small-font-size\">Najintenz\u00edvnej\u0161ia pomoc z h\u013eadiska poradenstva je potrebn\u00e1 a poskytuje sa projektov\u00fdm t\u00edmom, predov\u0161etk\u00fdm v po\u010diato\u010dnom 6-mesa\u010dnom obdob\u00ed integr\u00e1cie, menej intenz\u00edvna pomoc \u2013 od 6. mesiaca do 1. roka integr\u00e1cie na \u00fazem\u00ed SR.<\/p>\n\n\n\n<p class=\"has-small-font-size\">Po 1. roku na Slovensku, s postupom \u010dasu bud\u00fa pracovn\u00edci vies\u0165 klientov k \u00faplnej samostatnosti, to znamen\u00e1, \u017ee po 1. roku klient prech\u00e1dza komplexn\u00fdm vyhodnocovac\u00edm a rozhodovac\u00edm procesom, ktor\u00fd sl\u00fa\u017ei na vyhodnotenie pokroku integr\u00e1cie.<\/p>\n\n\n\n<p class=\"has-small-font-size\"><strong>\u00daspe\u0161n\u00e1 integr\u00e1cia znamen\u00e1 \u00fapln\u00fa samostatnos\u0165 klienta a tomu bude zodpoveda\u0165 postupne sa zni\u017euj\u00faci po\u010det poradenstiev, \u00fakonov a intervencii zo strany projektov\u00e9ho t\u00edmu<\/strong><\/p>\n\n\n\n<p class=\"has-small-font-size\">V&nbsp;pr\u00edpade potreby sa s&nbsp;vami vieme tie\u017e dohodn\u00fa\u0165 na zabezpe\u010den\u00ed asistencie a&nbsp;sprev\u00e1dzania. V&nbsp;pr\u00edpade z\u00e1ujmu o&nbsp;soci\u00e1lne poradenstvo n\u00e1s vopred telefonicky kontaktujte a napl\u00e1nujeme si presn\u00fd \u010das stretnutia.<\/p>\n\n\n\n<p class=\"has-medium-font-size\"><strong>SOCIAL ASSISTANCE<\/strong><\/p>\n\n\n\n<p class=\"has-small-font-size\">At the beginning of the counseling work, the client is acquainted with the structure of the work of a social worker, with its content and the nature of counseling. The social worker and the client co-create an individual plan with mutual participation, where the goals of counseling and cooperation will be clearly defined and recorded.<\/p>\n\n\n\n<p class=\"has-small-font-size\">Social counseling is intended for all persons living in Slovakia who have been granted international protection or asylum, it is free of charge and always lasts a maximum of 1 hour. With our employees, you can solve all the questions that you will encounter during your stay in Slovakia and with whom you do not know how to do so.<\/p>\n\n\n\n<ul class=\"has-small-font-size wp-block-list\">\n<li>processing documents<\/li>\n\n\n\n<li>extension of subsidiary protection<\/li>\n\n\n\n<li>communication with various institutions (such as employment offices, foreign police, schools, health and social insurance companies, banks, etc.)<\/li>\n\n\n\n<li>assistance with filling in various forms,<\/li>\n\n\n\n<li>looking for new housing, contacting doctors, looking for leisure activities and everything you come across every day.<\/li>\n<\/ul>\n\n\n\n<p class=\"has-small-font-size\">The most intensive help in terms of counseling is needed and is provided to project teams, especially in the initial 6-month period of integration, less intensive help &#8211; from the 6th month to the 1st year of integration in the Slovak Republic.<\/p>\n\n\n\n<p class=\"has-small-font-size\">After the 1st year in Slovakia, with the passage of time, our employees will lead clients to complete independence, that means that after the 1st year, the client goes through a complex evaluation and decision-making process that serves to evaluate the progress of integration.<\/p>\n\n\n\n<p class=\"has-small-font-size\"><strong>Successful integration means complete independence of the client, and this will correspond to a gradually decreasing number of consultations, actions and intervention by the project team<\/strong>.<\/p>\n\n\n\n<p class=\"has-small-font-size\">If necessary, we can also agree with you to provide assistance and escort. If you are interested in social counseling, please contact us by phone in advance and we will plan the exact time of the meeting.<\/p>\n\n\n\n<div data-wp-interactive=\"core\/file\" class=\"wp-block-file\"><object data-wp-bind--hidden=\"!state.hasPdfPreview\" hidden class=\"wp-block-file__embed\" data=\"https:\/\/nasiutecenci.sk\/rifugio\/wp-content\/uploads\/2022\/07\/Ziadost-o-zaradenie-do-evidencie_Urad-prace.pdf\" type=\"application\/pdf\" style=\"width:100%;height:600px\" aria-label=\"Vlo\u017ei\u0165 Ziadost-o-zaradenie-do-evidencie_Urad-prace.\"><\/object><a id=\"wp-block-file--media-616fe451-6831-42fa-9ece-655c96e3c843\" href=\"https:\/\/nasiutecenci.sk\/rifugio\/wp-content\/uploads\/2022\/07\/Ziadost-o-zaradenie-do-evidencie_Urad-prace.pdf\">Ziadost-o-zaradenie-do-evidencie_Urad-prace<\/a><a href=\"https:\/\/nasiutecenci.sk\/rifugio\/wp-content\/uploads\/2022\/07\/Ziadost-o-zaradenie-do-evidencie_Urad-prace.pdf\" class=\"wp-block-file__button wp-element-button\" download aria-describedby=\"wp-block-file--media-616fe451-6831-42fa-9ece-655c96e3c843\">Stiahnu\u0165<\/a><\/div>\n\n\n\n<div data-wp-interactive=\"core\/file\" class=\"wp-block-file\"><object data-wp-bind--hidden=\"!state.hasPdfPreview\" hidden class=\"wp-block-file__embed\" data=\"https:\/\/nasiutecenci.sk\/rifugio\/wp-content\/uploads\/2022\/07\/Ziadost-o-vydanie-dokladu-o-pobyte_Cudzinecka-policia.pdf\" type=\"application\/pdf\" style=\"width:100%;height:600px\" aria-label=\"Vlo\u017ei\u0165 Ziadost-o-vydanie-dokladu-o-pobyte_Cudzinecka-policia.\"><\/object><a id=\"wp-block-file--media-71e1ed1f-e60f-4a73-93f8-6e29f7a483b8\" href=\"https:\/\/nasiutecenci.sk\/rifugio\/wp-content\/uploads\/2022\/07\/Ziadost-o-vydanie-dokladu-o-pobyte_Cudzinecka-policia.pdf\">Ziadost-o-vydanie-dokladu-o-pobyte_Cudzinecka-policia<\/a><a href=\"https:\/\/nasiutecenci.sk\/rifugio\/wp-content\/uploads\/2022\/07\/Ziadost-o-vydanie-dokladu-o-pobyte_Cudzinecka-policia.pdf\" class=\"wp-block-file__button wp-element-button\" download aria-describedby=\"wp-block-file--media-71e1ed1f-e60f-4a73-93f8-6e29f7a483b8\">Stiahnu\u0165<\/a><\/div>\n\n\n\n<div data-wp-interactive=\"core\/file\" class=\"wp-block-file\"><object data-wp-bind--hidden=\"!state.hasPdfPreview\" hidden class=\"wp-block-file__embed\" data=\"https:\/\/nasiutecenci.sk\/rifugio\/wp-content\/uploads\/2022\/07\/Ziadost-o-vydanie-cestovneho-alebo-cudzineckeho-pasu_Cudzinecka-policia.pdf\" type=\"application\/pdf\" style=\"width:100%;height:600px\" aria-label=\"Vlo\u017ei\u0165 Ziadost-o-vydanie-cestovneho-alebo-cudzineckeho-pasu_Cudzinecka-policia.\"><\/object><a id=\"wp-block-file--media-f26167c7-b052-4411-ad9e-999ccb9e0fd5\" href=\"https:\/\/nasiutecenci.sk\/rifugio\/wp-content\/uploads\/2022\/07\/Ziadost-o-vydanie-cestovneho-alebo-cudzineckeho-pasu_Cudzinecka-policia.pdf\">Ziadost-o-vydanie-cestovneho-alebo-cudzineckeho-pasu_Cudzinecka-policia<\/a><a href=\"https:\/\/nasiutecenci.sk\/rifugio\/wp-content\/uploads\/2022\/07\/Ziadost-o-vydanie-cestovneho-alebo-cudzineckeho-pasu_Cudzinecka-policia.pdf\" class=\"wp-block-file__button wp-element-button\" download aria-describedby=\"wp-block-file--media-f26167c7-b052-4411-ad9e-999ccb9e0fd5\">Stiahnu\u0165<\/a><\/div>\n\n\n\n<div data-wp-interactive=\"core\/file\" class=\"wp-block-file\"><object data-wp-bind--hidden=\"!state.hasPdfPreview\" hidden class=\"wp-block-file__embed\" data=\"https:\/\/nasiutecenci.sk\/rifugio\/wp-content\/uploads\/2022\/07\/Ziadost-o-predlzenie-doplnkovej-ochrany_Cudzinecka-policia.pdf\" type=\"application\/pdf\" style=\"width:100%;height:600px\" aria-label=\"Vlo\u017ei\u0165 Ziadost-o-predlzenie-doplnkovej-ochrany_Cudzinecka-policia.\"><\/object><a id=\"wp-block-file--media-df19ad99-7b04-43a8-b328-49440875bc98\" href=\"https:\/\/nasiutecenci.sk\/rifugio\/wp-content\/uploads\/2022\/07\/Ziadost-o-predlzenie-doplnkovej-ochrany_Cudzinecka-policia.pdf\">Ziadost-o-predlzenie-doplnkovej-ochrany_Cudzinecka-policia<\/a><a href=\"https:\/\/nasiutecenci.sk\/rifugio\/wp-content\/uploads\/2022\/07\/Ziadost-o-predlzenie-doplnkovej-ochrany_Cudzinecka-policia.pdf\" class=\"wp-block-file__button wp-element-button\" download aria-describedby=\"wp-block-file--media-df19ad99-7b04-43a8-b328-49440875bc98\">Stiahnu\u0165<\/a><\/div>\n\n\n\n<div data-wp-interactive=\"core\/file\" class=\"wp-block-file\"><object data-wp-bind--hidden=\"!state.hasPdfPreview\" hidden class=\"wp-block-file__embed\" data=\"https:\/\/nasiutecenci.sk\/rifugio\/wp-content\/uploads\/2022\/07\/Cestne-vyhlasenie-o-ubytovani_Cudzinecka-policia.pdf\" type=\"application\/pdf\" style=\"width:100%;height:600px\" aria-label=\"Vlo\u017ei\u0165 Cestne-vyhlasenie-o-ubytovani_Cudzinecka-policia.\"><\/object><a id=\"wp-block-file--media-443944db-60d5-4d39-90a3-6cfdf11e13bc\" href=\"https:\/\/nasiutecenci.sk\/rifugio\/wp-content\/uploads\/2022\/07\/Cestne-vyhlasenie-o-ubytovani_Cudzinecka-policia.pdf\">Cestne-vyhlasenie-o-ubytovani_Cudzinecka-policia<\/a><a href=\"https:\/\/nasiutecenci.sk\/rifugio\/wp-content\/uploads\/2022\/07\/Cestne-vyhlasenie-o-ubytovani_Cudzinecka-policia.pdf\" class=\"wp-block-file__button wp-element-button\" download aria-describedby=\"wp-block-file--media-443944db-60d5-4d39-90a3-6cfdf11e13bc\">Stiahnu\u0165<\/a><\/div>\n\n\n\n<div data-wp-interactive=\"core\/file\" class=\"wp-block-file\"><object data-wp-bind--hidden=\"!state.hasPdfPreview\" hidden class=\"wp-block-file__embed\" data=\"https:\/\/nasiutecenci.sk\/rifugio\/wp-content\/uploads\/2022\/06\/EN-New-start_brozura-MU.pdf\" type=\"application\/pdf\" style=\"width:100%;height:600px\" aria-label=\"Vlo\u017ei\u0165 EN-New-start_brozura-MU.\"><\/object><a id=\"wp-block-file--media-7aa17c89-adee-4b00-aad8-07bf67b6bd91\" href=\"https:\/\/nasiutecenci.sk\/rifugio\/wp-content\/uploads\/2022\/06\/EN-New-start_brozura-MU.pdf\">EN-New-start_brozura-MU<\/a><a href=\"https:\/\/nasiutecenci.sk\/rifugio\/wp-content\/uploads\/2022\/06\/EN-New-start_brozura-MU.pdf\" class=\"wp-block-file__button wp-element-button\" download aria-describedby=\"wp-block-file--media-7aa17c89-adee-4b00-aad8-07bf67b6bd91\">Stiahnu\u0165<\/a><\/div>\n","protected":false},"excerpt":{"rendered":"<p>Na za\u010diatku poradenskej pr\u00e1ce je klient obozn\u00e1men\u00fd so \u0161trukt\u00farou pr\u00e1ce soci\u00e1lneho pracovn\u00edka, s&nbsp;jeho n\u00e1pl\u0148ou a&nbsp;povahou poradenstva. Soci\u00e1lny pracovn\u00edk a klient za vz\u00e1jomnej \u00fa\u010dasti spoluvytv\u00e1raj\u00fa individu\u00e1lny pl\u00e1n, kde bud\u00fa jasne nadefinovan\u00e9 a zaznamenan\u00e9 ciele poradenstva a&nbsp;spolupr\u00e1ce. Soci\u00e1lne poradenstvo je ur\u010den\u00e9 v\u0161etky osob\u00e1m \u017eij\u00facim na Slovensku, ktor\u00e9 maj\u00fa udelen\u00fa medzin\u00e1rodn\u00fa ochranu, alebo azyl, je bezplatn\u00e9 a&nbsp;trv\u00e1 v\u017edy &hellip; <\/p>\n","protected":false},"author":1,"featured_media":436,"parent":0,"menu_order":0,"comment_status":"closed","ping_status":"closed","template":"","meta":{"footnotes":""},"class_list":["post-256","page","type-page","status-publish","has-post-thumbnail","hentry"],"_links":{"self":[{"href":"https:\/\/nasiutecenci.sk\/rifugio\/wp-json\/wp\/v2\/pages\/256","targetHints":{"allow":["GET"]}}],"collection":[{"href":"https:\/\/nasiutecenci.sk\/rifugio\/wp-json\/wp\/v2\/pages"}],"about":[{"href":"https:\/\/nasiutecenci.sk\/rifugio\/wp-json\/wp\/v2\/types\/page"}],"author":[{"embeddable":true,"href":"https:\/\/nasiutecenci.sk\/rifugio\/wp-json\/wp\/v2\/users\/1"}],"replies":[{"embeddable":true,"href":"https:\/\/nasiutecenci.sk\/rifugio\/wp-json\/wp\/v2\/comments?post=256"}],"version-history":[{"count":8,"href":"https:\/\/nasiutecenci.sk\/rifugio\/wp-json\/wp\/v2\/pages\/256\/revisions"}],"predecessor-version":[{"id":442,"href":"https:\/\/nasiutecenci.sk\/rifugio\/wp-json\/wp\/v2\/pages\/256\/revisions\/442"}],"wp:featuredmedia":[{"embeddable":true,"href":"https:\/\/nasiutecenci.sk\/rifugio\/wp-json\/wp\/v2\/media\/436"}],"wp:attachment":[{"href":"https:\/\/nasiutecenci.sk\/rifugio\/wp-json\/wp\/v2\/media?parent=256"}],"curies":[{"name":"wp","href":"https:\/\/api.w.org\/{rel}","templated":true}]}}