{"id":502,"date":"2024-04-22T15:20:32","date_gmt":"2024-04-22T13:20:32","guid":{"rendered":"https:\/\/nasiutecenci.sk\/rifugio\/?page_id=502"},"modified":"2024-04-22T15:20:33","modified_gmt":"2024-04-22T13:20:33","slug":"nasa-vizia-a-hodnoty","status":"publish","type":"page","link":"https:\/\/nasiutecenci.sk\/rifugio\/nasa-vizia-a-hodnoty\/","title":{"rendered":"Na\u0161a v\u00edzia a hodnoty"},"content":{"rendered":"\n<p class=\"has-black-color has-pale-cyan-blue-background-color has-text-color has-background has-link-color has-medium-font-size wp-elements-8bb80eb34d2d3d394a1b9bbcccdffaf4\"><strong>Na\u0161ou v\u00edziou<\/strong> je svet, v\u00a0ktorom sa dodr\u017eiavaj\u00fa humanit\u00e1rne princ\u00edpy a poskytuje bezpe\u010dn\u00fd pr\u00edstav t\u00fdm, ktor\u00ed boli n\u00faten\u00ed opusti\u0165 svoj domov.<\/p>\n\n\n\n<p class=\"has-black-color has-pale-cyan-blue-background-color has-text-color has-background has-link-color has-medium-font-size wp-elements-238bdf11f006a1687729af41265bb1b0\"><strong>Na\u0161im poslan\u00edm<\/strong> je ka\u017edodenn\u00e1 podpora \u013eud\u00ed s\u00a0medzin\u00e1rodnou ochranou k\u00a0samostatn\u00e9mu \u017eivotu na Slovensku.<\/p>\n\n\n\n<p class=\"has-black-color has-white-background-color has-text-color has-background has-link-color has-medium-font-size wp-elements-6dd6108861a30ec06d46dbc0afa3413a\" style=\"font-style:normal;font-weight:600\"><strong>Na\u0161imi hodnotami<\/strong> s\u00fa:<\/p>\n\n\n\n<p class=\"has-black-color has-white-background-color has-text-color has-background has-link-color wp-elements-984a558d4669620acf06a4f429c277cb\"><strong>Re\u0161pekt k \u013eudskej d\u00f4stojnosti:<\/strong> Hodnota \u013eudskej d\u00f4stojnosti zd\u00f4raz\u0148uje prirodzen\u00fa hodnotu a \u00factu ku ka\u017ed\u00e9mu jednotlivcovi bez oh\u013eadu na jeho \u0161tat\u00fat ute\u010denca. Soci\u00e1lni pracovn\u00edci sa sna\u017eia zachova\u0165 d\u00f4stojnos\u0165 ute\u010dencov a spr\u00e1va\u0165 sa k nim s re\u0161pektom.<\/p>\n\n\n\n<p class=\"has-black-color has-white-background-color has-text-color has-background has-link-color wp-elements-cef770ac3b3daa64d64c437bc72fd8de\"><strong>Kult\u00farna citlivos\u0165:<\/strong> Kult\u00farna citlivos\u0165 je k\u013e\u00fa\u010dovou hodnotou, ktor\u00e1 uzn\u00e1va rozmanitos\u0165 medzi ute\u010dencami z h\u013eadiska kult\u00far, jazykov a trad\u00edci\u00ed. Cie\u013eom soci\u00e1lnych pracovn\u00edkov je pochopi\u0165 a oceni\u0165 kult\u00farne z\u00e1zemie ute\u010dencov, aby mohli poskytova\u0165 \u00fa\u010dinnej\u0161iu a citlivej\u0161iu podporu.\u00a0<\/p>\n\n\n\n<p class=\"has-black-color has-white-background-color has-text-color has-background has-link-color wp-elements-93e84e1bd1c8cdda813505b67dfcd80c\"><strong>Solidarita:<\/strong> Solidarita zd\u00f4raz\u0148uje pocit spolo\u010dnej \u013eudskosti a vz\u00e1jomn\u00e9ho prepojenia. Soci\u00e1lni pracovn\u00edci s\u00fa solid\u00e1rni s ute\u010dencami, spolupracuj\u00fa s nimi a \u010fal\u0161\u00edmi zainteresovan\u00fdmi stranami pri rie\u0161en\u00ed probl\u00e9mov a podpore pozit\u00edvnych zmien.<\/p>\n\n\n\n<p class=\"has-black-color has-white-background-color has-text-color has-background has-link-color wp-elements-26e433a6e8428b6872d5efcbf0c84d32\"><strong>Empatia:<\/strong> Empatia je z\u00e1kladom pri pr\u00e1ci s traumatizovan\u00fdmi jednotlivcami. Soci\u00e1lni pracovn\u00edci musia ch\u00e1pa\u0165 a zdie\u013ea\u0165 emocion\u00e1lne sk\u00fasenosti ute\u010dencov, prejavova\u0165 s\u00facit a citlivos\u0165 vo\u010di ich jedine\u010dn\u00fdm traum\u00e1m. Soci\u00e1lni pracovn\u00edci by si mali osvoji\u0165 pr\u00edstup k starostlivosti na z\u00e1klade traumy, ktor\u00fd zah\u0155\u0148a uznanie roz\u0161\u00edren\u00e9ho vplyvu traumy, pochopenie jej \u00fa\u010dinkov na jednotlivcov a integr\u00e1ciu tohto povedomia do v\u0161etk\u00fdch aspektov svojej pr\u00e1ce.<\/p>\n\n\n\n<p class=\"has-black-color has-white-background-color has-text-color has-background has-link-color wp-elements-71dbdb8e79586e466a725a21ee12c939\"><strong>Neodsudzuj\u00faci postoj:<\/strong> Soci\u00e1lni pracovn\u00edci si musia zachova\u0165 postoj bez odsudzovania. Traumatizovan\u00ed ute\u010denci mohli za\u017ei\u0165 udalosti, ktor\u00e9 in\u00ed \u0165a\u017eko ch\u00e1pu a soci\u00e1lni pracovn\u00edci by mali jednotlivcom vytvori\u0165 bezpe\u010dn\u00fd priestor bez s\u00fadenia, aby sa mohli podeli\u0165 o svoje sk\u00fasenosti.<\/p>\n","protected":false},"excerpt":{"rendered":"<p>Na\u0161ou v\u00edziou je svet, v\u00a0ktorom sa dodr\u017eiavaj\u00fa humanit\u00e1rne princ\u00edpy a poskytuje bezpe\u010dn\u00fd pr\u00edstav t\u00fdm, ktor\u00ed boli n\u00faten\u00ed opusti\u0165 svoj domov. Na\u0161im poslan\u00edm je ka\u017edodenn\u00e1 podpora \u013eud\u00ed s\u00a0medzin\u00e1rodnou ochranou k\u00a0samostatn\u00e9mu \u017eivotu na Slovensku. Na\u0161imi hodnotami s\u00fa: Re\u0161pekt k \u013eudskej d\u00f4stojnosti: Hodnota \u013eudskej d\u00f4stojnosti zd\u00f4raz\u0148uje prirodzen\u00fa hodnotu a \u00factu ku ka\u017ed\u00e9mu jednotlivcovi bez oh\u013eadu na jeho \u0161tat\u00fat &hellip; <\/p>\n","protected":false},"author":1,"featured_media":0,"parent":0,"menu_order":0,"comment_status":"closed","ping_status":"closed","template":"","meta":{"footnotes":""},"class_list":["post-502","page","type-page","status-publish","hentry"],"_links":{"self":[{"href":"https:\/\/nasiutecenci.sk\/rifugio\/wp-json\/wp\/v2\/pages\/502","targetHints":{"allow":["GET"]}}],"collection":[{"href":"https:\/\/nasiutecenci.sk\/rifugio\/wp-json\/wp\/v2\/pages"}],"about":[{"href":"https:\/\/nasiutecenci.sk\/rifugio\/wp-json\/wp\/v2\/types\/page"}],"author":[{"embeddable":true,"href":"https:\/\/nasiutecenci.sk\/rifugio\/wp-json\/wp\/v2\/users\/1"}],"replies":[{"embeddable":true,"href":"https:\/\/nasiutecenci.sk\/rifugio\/wp-json\/wp\/v2\/comments?post=502"}],"version-history":[{"count":6,"href":"https:\/\/nasiutecenci.sk\/rifugio\/wp-json\/wp\/v2\/pages\/502\/revisions"}],"predecessor-version":[{"id":508,"href":"https:\/\/nasiutecenci.sk\/rifugio\/wp-json\/wp\/v2\/pages\/502\/revisions\/508"}],"wp:attachment":[{"href":"https:\/\/nasiutecenci.sk\/rifugio\/wp-json\/wp\/v2\/media?parent=502"}],"curies":[{"name":"wp","href":"https:\/\/api.w.org\/{rel}","templated":true}]}}